{"id":24,"date":"2019-03-06T12:44:08","date_gmt":"2019-03-06T12:44:08","guid":{"rendered":"http:\/\/segurotranquilo.hospedagemdesites.ws\/segurotranquilo\/one-page-express-pro\/"},"modified":"2022-06-20T13:23:45","modified_gmt":"2022-06-20T13:23:45","slug":"one-page-express-pro","status":"publish","type":"page","link":"https:\/\/segurotranquilo.com.br\/segurotranquilo\/","title":{"rendered":"Front Page"},"content":{"rendered":"<div  data-label=\"About us\" data-id=\"about-image-section-pro\" data-category=\"about\" class=\"about-image-section-pro\" id=\"about-us-2\" style=\"background-color: rgb(255, 255, 255); background-image: none;\" data-ovid=\"ovid-about-us-2-136\"> <div  class=\"gridContainer\"> <div  class=\"row about-image-gridcol-pro\"> <div  class=\"about-image-textcol-pro\" data-type=\"column\"> <h2  class=\"\"> A Mazzetti<\/h2><h4  class=\"\">Nossa Miss\u00e3o<\/h4>  <h5  class=\"\"><span  style=\"font-weight: 300;\">Prover solu\u00e7\u00f5es em seguros e apoiar o crescimento patrimonial de nossos clientes.<\/span><\/h5><h4  class=\"\">Nossa Vis\u00e3o<\/h4><h5  class=\"\"><span  style=\"font-weight: 300;\">Ser refer\u00eancia na regi\u00e3o de S\u00e3o Carlos em atendimento, prote\u00e7\u00e3o patrimonial, financeira e digital.<\/span><\/h5><h4  class=\"\">Valores<\/h4><h5  class=\"\"><span  style=\"font-weight: 300;\"><span  style=\"font-weight: 400;\">1. Ter comportamento \u00e9tico e transparente:<\/span> Nossas a\u00e7\u00f5es t\u00eam como premissa a \u00e9tica e a transpar\u00eancia, estes s\u00e3o valores inegoci\u00e1veis.<\/span><\/h5><h5  class=\"\"><span  style=\"font-weight: 300;\"><span  style=\"font-weight: 400;\">2. Agir com honestidade:<\/span> Nossas a\u00e7\u00f5es ter\u00e3o sempre como foco a honestidade com os nossos clientes e parceiros.<\/span><\/h5><h5  class=\"\"><span  style=\"font-weight: 300;\"><span  style=\"font-weight: 400;\">3. Enaltecer rela\u00e7\u00f5es de confian\u00e7a:<\/span> Para n\u00f3s \u00e9 imprescind\u00edvel construir rela\u00e7\u00f5es de confian\u00e7a m\u00fatua com nossos clientes, colaboradores e<\/span> parceiros.<\/h5><h5  class=\"\"><span  style=\"font-weight: 300;\"><span  style=\"font-weight: 400;\">4. Respeitar as pessoas e institui\u00e7\u00f5es:<\/span> Priorizamos a excel\u00eancia e acreditamos que a diferen\u00e7a traz excelentes resultados, por isso respeitamos todas as pessoas e institui\u00e7\u00f5es.<\/span><\/h5><h5  class=\"\"><span  style=\"font-weight: 300;\"><span  style=\"font-weight: 400;\">5. Focar em excel\u00eancia:<\/span> Estamos sempre preparados para resolver com excel\u00eancia e de maneira assertiva as necessidades dos nossos clientes.<\/span><\/h5><\/div> <div  data-type=\"column\" class=\"\"><i  class=\"fa cp-icon fa3 fa-flag color6\"><\/i>  <\/div> <\/div> <\/div> <\/div><div  data-label=\"Clients\" data-id=\"clients-grid-section-2\" data-category=\"clients\" class=\"clients-grid-section clients-grid-section-2 content-relative winter_neva\" id=\"clients-2\" data-ovid=\"ovid-clients-2-281\"><div  class=\"section-separator-bottom\">\n    <svg  class=\"section-separator-bottom\" data-separator-name=\"triangle-asymmetrical-negative\" preserveAspectRatio=\"none\" viewBox=\"0 0 1000 100\" xmlns=\"http:\/\/www.w3.org\/2000\/svg\">\n        <path  class=\"svg-white-bg\" d=\"M737.9,94.7L0,0v100h1000V0L737.9,94.7z\"><\/path>\n    <\/svg>\n<\/div> <div  class=\"gridContainer\"> <div  class=\"clients-grid-textrow row\" data-type=\"column\"> <div  data-type=\"column\" class=\"clients-grid-textcol dynamic-color\"> <h2  class=\"\">Seguros<\/h2> <p  class=\"\">A Mazzetti oferece uma gama variada de produtos para atender \u00e0s suas necessidades e tamb\u00e9m de sua empresa. Selecione abaixo os produtos que voc\u00ea deseja para garantir sua seguran\u00e7a e tranquilidade<\/p> <div  class=\"spacer\" data-type=\"group\"><span  class=\"fa before\"><\/span><i  class=\"fa fa-arrow-down color6\"><\/i><span  class=\"fa after\"><\/span><\/div><\/div> <\/div> <div  class=\"row\" data-type=\"row\" data-add-content=\"false\">     <a href=\"#\" target=\"blank\" rel=\"noopener\"> <\/a>   <\/div> <\/div><\/div><div  id=\"overlapable-2\" style=\"background-color: rgb(255, 255, 255); background-image: none;\" data-label=\"Overlapable\" data-id=\"stripped-coloured-icon-boxes\" data-category=\"overlapable\" class=\"features-coloured-icon-boxes-section\" data-overlap=\"true\" data-ovid=\"ovid-overlapable-2-136\"> <div  class=\"gridContainer\"> <div  class=\"features-coloured-icon-boxes-innerrow flexbox-list dark-text\" data-type=\"row\"> <div  class=\"features-coloured-icon-boxes-featurecol cp4cols\"> <div  class=\"features-coloured-icon-boxes-iconcontainer\" data-content-item-container=\"true\"> <i  data-cp-fa=\"true\" class=\"features-coloured-icon fa fa-car color6\"><\/i> <\/div> <h4  class=\"\">Seguro para seu autom\u00f3vel<\/h4> <p  class=\"\">Simule aqui as op\u00e7\u00f5es de seguros de autom\u00f3vel que a Mazzetti tem para voc\u00ea.<\/p> <a class=\"features-coloured-button button transparent\" href=\"http:\/\/bit.ly\/st_automovel\" target=\"_self\" data-icon=\"\" rel=\"noopener noreferrer\">Pe\u00e7a uma cota\u00e7\u00e3o<\/a> <\/div>  <div  class=\"features-coloured-icon-boxes-featurecol cp4cols\"> <div  class=\"features-coloured-icon-boxes-iconcontainer\" data-content-item-container=\"true\"> <i  data-cp-fa=\"true\" class=\"features-coloured-icon fa fa-desktop color6\"><\/i> <\/div> <h4  class=\"\">Seguro para seus dispositivos<\/h4> <p  class=\"\">Seu computador, tablet ou smartphone protegido contra surpresas desagrad\u00e1veis. Confira!<\/p> <a class=\"features-coloured-button button transparent\" href=\"http:\/\/bit.ly\/st_portateis\" target=\"_blank\" data-icon=\"\" rel=\"noopener noreferrer\">Contrate aqui<\/a> <\/div> <div  class=\"features-coloured-icon-boxes-featurecol cp4cols\"> <div  class=\"features-coloured-icon-boxes-iconcontainer\" data-content-item-container=\"true\"> <i  data-cp-fa=\"true\" class=\"features-coloured-icon fa fa-plane color6\"><\/i> <\/div> <h4  class=\"\">Seguro para suas viagens<\/h4> <p  class=\"\">Viaje para qualquer lugar do mundo com total seguran\u00e7a e atendimento em portugu\u00eas para emerg\u00eancias?<\/p> <a class=\"features-coloured-button button transparent\" href=\"http:\/\/bit.ly\/st_viagem\" target=\"_self\" data-icon=\"\" rel=\"noopener noreferrer\">Contrate aqui<\/a> <\/div> <div  class=\"features-coloured-icon-boxes-featurecol cp4cols\"> <div  class=\"features-coloured-icon-boxes-iconcontainer\" data-content-item-container=\"true\"> <i  data-cp-fa=\"true\" class=\"features-coloured-icon fa fa-male color6\"><\/i> <\/div> <h4  class=\"\">Seguro para voc\u00ea e sua fam\u00edlia<\/h4> <p  class=\"\">Simule e contrate aqui o seguro de vida que pode te dar a tranquilidade que voc\u00ea e sua fam\u00edlia merecem ter.<\/p> <a class=\"features-coloured-button button transparent\" href=\"http:\/\/bit.ly\/st_vida\" target=\"_self\" data-icon=\"\" rel=\"noopener noreferrer\">Contrate aqui<\/a> <\/div><div  class=\"features-coloured-icon-boxes-featurecol cp4cols\"> <div  class=\"features-coloured-icon-boxes-iconcontainer\" data-content-item-container=\"true\"> <i  data-cp-fa=\"true\" class=\"features-coloured-icon fa fa-home color6\"><\/i> <\/div> <h4  class=\"\">Seguro para sua resid\u00eancia<\/h4> <p  class=\"\">Sua casa protegida contra quaisquer imprevistos.\nSeu conforto e sua tranquilidade acima de tudo.<\/p> <a class=\"features-coloured-button button transparent\" href=\"http:\/\/bit.ly\/st_residencia\" target=\"_self\" data-icon=\"\" rel=\"noopener noreferrer\">Contrate aqui<\/a> <\/div><div  class=\"features-coloured-icon-boxes-featurecol cp4cols\"> <div  class=\"features-coloured-icon-boxes-iconcontainer\" data-content-item-container=\"true\"> <i  data-cp-fa=\"true\" class=\"features-coloured-icon fa fa-eye color6\"><\/i> <\/div> <h4  class=\"\">Rastreador Porto Seguro<\/h4> <p  class=\"\">Monitore seu carro em tempo real e tenha a tranquilidade que a Porto Seguro ofece com este  sistema.<\/p> <a class=\"features-coloured-button button transparent\" href=\"https:\/\/wwws.portoseguro.com.br\/vendaonline\/rastreador\/home.ns?susepw=56796J&amp;utm_campaign=GeradordeLinks_K547YJ&amp;utm_content=MAZZETTI_E_SIQUEIRA_CORRETORA_DE_SEGUROS\" target=\"_self\" data-icon=\"\" rel=\"noopener noreferrer\">Contrate aqui<\/a> <\/div><\/div> <\/div><\/div><div  data-label=\"Content\" data-id=\"content-full-left-image-section\" data-category=\"content\" class=\"content-full-left-image-section\" id=\"content-1\" style=\"background-color: rgb(246, 246, 246);\"> <div  class=\"content-full-left-image-innerrow\"> <div  data-bg=\"image\" class=\"content-full-left-image-imgcol\" style=\"background-image: url(&quot;https:\/\/segurotranquilo.com.br\/segurotranquilo\/wp-content\/uploads\/2019\/04\/estagiaria-1.png&quot;);\"><\/div> <div  class=\"content-full-left-image-textcol dynamic-color\"> <div  data-type=\"column\" class=\"\"> <h5  class=\"\">Contrate j\u00e1!<\/h5> <h2  class=\"\">Seguro de acidentes pessoais para&nbsp;<span  style=\"font-family: tahoma, arial, helvetica, sans-serif;\">Estagi\u00e1rio<\/span><\/h2> <p  class=\"\">O Seguro Estagi\u00e1rio foi feito para voc\u00ea que est\u00e1 vivendo esta fase maravilhosa quando voc\u00ea pode aprender na pr\u00e1tica e quer ter toda tranquilidade. O Seguro Estagi\u00e1rio \u00e9 um seguro que oferece ao estudante ou \u00e0 sua fam\u00edlia uma indeniza\u00e7\u00e3o em casos de acidentes pessoais que venham a ocorrer&nbsp; durante o per\u00edodo de est\u00e1gio do aluno.<\/p> <\/div> <div  class=\"content-full-left-image-featuresrow\"> <div  class=\"content-full-left-image-featurescol\" data-type=\"column\"> <h5  class=\"\">COBERTURA<\/h5> <p  class=\"\">24 horas por dia independentemente se o segurado est\u00e1 na escola, em casa ou no local do est\u00e1gio.<\/p> <h5  class=\"\">R\u00c1PIDEZ<\/h5> <p  class=\"\">Voc\u00ea contrata agora e seu certificado sai na hora.<\/p> <\/div> <div  class=\"content-full-left-image-featurescol\" data-type=\"column\"> <h5  class=\"\">CONTRATA\u00c7\u00c3O<\/h5> <p  class=\"\">\u00c9 muito f\u00e1cil contratar. Basta clicar no bot\u00e3o abaixo e todo processo acontece totalmente de forma on-line.<\/p> <h5  class=\"\">PAGAMENTO<\/h5> <p  class=\"\">Voc\u00ea pode pagar atrav\u00e9s de boleto banc\u00e1rio ou cart\u00e3o de cr\u00e9dito.<\/p> <a class=\"button color1\" href=\"http:\/\/bit.ly\/st_seguro_estagio\" target=\"_blank\" data-icon=\"\" rel=\"noopener\">CONTRATE AQUI SEU SEGURO<\/a><\/div> <\/div> <\/div> <\/div><\/div><div  data-label=\"Cta\" data-id=\"cta-centered-section-grid\" data-category=\"cta\" class=\"cta-centered-section white-text cta-centered-section-grid\" id=\"cta-2\"> <div  class=\"gridContainer\"> <div  class=\"row\"> <div  class=\"cta-centered-section-col dynamic-color\" data-type=\"column\"> <a class=\"button big color7\" href=\"http:\/\/icp-brasil.acsincor.com.br\/repositorio\/ar\/ar-mazzetti.html\" target=\"lightbox\" data-icon=\"\" rel=\"noopener\">Declara\u00e7\u00e3o de Pr\u00e1ticas de Neg\u00f3cios da AR<\/a><img  class=\"custom-image\" src=\"https:\/\/segurotranquilo.hospedagemdesites.ws\/segurotranquilo\/wp-content\/uploads\/2019\/06\/luminoso.png\"> <p  class=\"cta-centered-section-text\"> O Certificado Digital da ICP-Brasil funciona como uma identidade virtual que permite a identifica\u00e7\u00e3o segura e inequ\u00edvoca do autor de uma mensagem ou transa\u00e7\u00e3o feita em meios eletr\u00f4nicos, tem validade jur\u00eddica que garante prote\u00e7\u00e3o \u00e0s transa\u00e7\u00f5es online e \u00e0 troca virtual de documentos, mensagens e dados. <\/p>  <a class=\"button big color3 dark-text\" href=\"https:\/\/www.idseguro.com.br\/produtos?cod_rev=40631\" target=\"lightbox\" data-icon=\"\" rel=\"noopener\"> Compre e agende sua valida\u00e7\u00e3o! <\/a><\/div> <\/div> <\/div> <\/div><div  data-label=\"Clients\" data-id=\"clients-grid-section\" data-category=\"clients\" class=\"clients-grid-section\" id=\"clients-1\" style=\"background-color: rgb(255, 255, 255); background-image: none;\" data-ovid=\"ovid-clients-1-196\"> <div  class=\"gridContainer\"> <div  class=\"clients-grid-textrow row\" data-type=\"column\"> <div  data-type=\"column\" class=\"clients-grid-textcol dynamic-color\"> <h2  class=\"\">Seguradoras\n<\/h2> <p  class=\"\">A Mazzetti trabalha com as principais seguradoras do pa\u00eds e por isso, tem condi\u00e7\u00f5es de oferecer as melhores coberturas com produtos que se adaptam a cada perfil de cliente. Confira abaixo nossos parceiros.<\/p> <\/div> <\/div> <div  class=\"row\" data-type=\"row\" data-add-content=\"false\"> <div  class=\"clients-grid-itemcol cp3cols-tablet cp3cols\"> <div  class=\"middle_align5\"><a href=\"https:\/\/www.portoseguro.com.br\" target=\"lightbox\" class=\"\" rel=\"noopener noreferrer\"><img  class=\"clients-grid-itemimg\" src=\"https:\/\/segurotranquilo.com.br\/segurotranquilo\/wp-content\/uploads\/2019\/04\/Prancheta-1@2x-100-2.jpg\"><\/a> <\/div> <\/div> <div  class=\"clients-grid-itemcol cp3cols-tablet cp3cols\"> <div  class=\"middle_align5\"><a href=\"https:\/\/www.tokiomarine.com.br\" target=\"lightbox\" class=\"\" rel=\"noopener noreferrer\"><img  class=\"clients-grid-itemimg\" src=\"https:\/\/segurotranquilo.com.br\/segurotranquilo\/wp-content\/uploads\/2019\/04\/Prancheta-1-co\u0301pia-3@2x-100-2.jpg\"><\/a> <\/div> <\/div>  <div  class=\"clients-grid-itemcol cp3cols-tablet cp3cols\"> <div  class=\"middle_align5\"><a href=\"https:\/\/portal.sulamericaseguros.com.br\" target=\"lightbox\" class=\"\" rel=\"noopener noreferrer\"><img  class=\"clients-grid-itemimg\" src=\"https:\/\/segurotranquilo.com.br\/segurotranquilo\/wp-content\/uploads\/2019\/04\/Prancheta-1-co\u0301pia-10@2x-100-2.jpg\"><\/a> <\/div> <\/div> <div  class=\"clients-grid-itemcol cp3cols-tablet cp3cols\"> <div  class=\"middle_align5\"><a href=\"https:\/\/www.bradescoseguros.com.br\/wps\/portal\/TransforDigital\" target=\"lightbox\" class=\"\" rel=\"noopener noreferrer\"><img  class=\"clients-grid-itemimg\" src=\"https:\/\/segurotranquilo.com.br\/segurotranquilo\/wp-content\/uploads\/2019\/04\/Prancheta-1-co\u0301pia-11@2x-100-2.jpg\"> <\/a><\/div><a href=\"#\" target=\"blank\" class=\"\" rel=\"noopener noreferrer\"> <\/a><\/div><a href=\"#\" target=\"blank\" rel=\"noopener noreferrer\"> <\/a><div  class=\"clients-grid-itemcol cp3cols cp3cols-tablet\"><a href=\"#\" target=\"blank\" class=\"\" rel=\"noopener noreferrer\"> <\/a><div  class=\"middle_align5\"><a href=\"#\" target=\"blank\" rel=\"noopener noreferrer\"><\/a><a href=\"http:\/\/segurotranquilo.hospedagemdesites.ws\/segurotranquilo\/www.itau.com.br\/seguros\" target=\"lightbox\" rel=\"noopener noreferrer\" class=\"\"><img  class=\"clients-grid-itemimg\" src=\"https:\/\/segurotranquilo.com.br\/segurotranquilo\/wp-content\/uploads\/2019\/04\/Prancheta-1-co\u0301pia-2@2x-100-2.jpg\"><\/a> <\/div> <\/div> <div  class=\"clients-grid-itemcol cp3cols cp3cols-tablet\"> <div  class=\"middle_align5\"><a href=\"http:\/\/www.mapfre.com.br\" target=\"lightbox\" class=\"\" rel=\"noopener noreferrer\"><img  class=\"clients-grid-itemimg\" src=\"https:\/\/segurotranquilo.com.br\/segurotranquilo\/wp-content\/uploads\/2019\/04\/Prancheta-1-co\u0301pia-8@2x-100-2.jpg\"><\/a> <\/div> <\/div> <div  class=\"clients-grid-itemcol cp3cols cp3cols-tablet\"> <div  class=\"middle_align5\"><a href=\"http:\/\/www.allianz.com.br\" target=\"lightbox\" class=\"\" rel=\"noopener noreferrer\"><img  class=\"clients-grid-itemimg\" src=\"https:\/\/segurotranquilo.com.br\/segurotranquilo\/wp-content\/uploads\/2019\/04\/Prancheta-1-co\u0301pia-9@2x-100-2.jpg\"><\/a> <\/div> <\/div> <div  class=\"clients-grid-itemcol cp3cols cp3cols-tablet\"> <div  class=\"middle_align5\"><a href=\"https:\/\/www.hdiseguros.com.br\/pt\" target=\"lightbox\" class=\"\" rel=\"noopener noreferrer\"><img  class=\"clients-grid-itemimg\" src=\"https:\/\/segurotranquilo.com.br\/segurotranquilo\/wp-content\/uploads\/2019\/04\/Prancheta-1-co\u0301pia-5@2x-100-2.jpg\"><\/a> <\/div> <\/div><div  class=\"clients-grid-itemcol cp3cols-tablet cp3cols\"> <div  class=\"middle_align5\"><a href=\"https:\/\/www.azulseguros.com.br\" target=\"lightbox\" class=\"\" rel=\"noopener noreferrer\"><img  class=\"clients-grid-itemimg\" src=\"https:\/\/segurotranquilo.com.br\/segurotranquilo\/wp-content\/uploads\/2019\/04\/Prancheta-1-co\u0301pia@2x-100-2.jpg\"><\/a> <\/div> <\/div><div  class=\"clients-grid-itemcol cp3cols-tablet cp3cols\"> <div  class=\"middle_align5\"><a href=\"https:\/\/sompo.com.br\" target=\"lightbox\" class=\"\" rel=\"noopener noreferrer\"><img  class=\"clients-grid-itemimg\" src=\"https:\/\/segurotranquilo.com.br\/segurotranquilo\/wp-content\/uploads\/2019\/04\/Prancheta-1-co\u0301pia-4@2x-100-2.jpg\"><\/a> <\/div> <\/div><div  class=\"clients-grid-itemcol cp3cols-tablet cp3cols\"> <div  class=\"middle_align5\"><a href=\"https:\/\/www.chubb.com\/br-pt\" target=\"lightbox\" class=\"\" rel=\"noopener noreferrer\"><img  class=\"clients-grid-itemimg\" src=\"https:\/\/segurotranquilo.com.br\/segurotranquilo\/wp-content\/uploads\/2019\/04\/Prancheta-1-co\u0301pia-6@2x-100-2.jpg\"><\/a> <\/div> <\/div><div  class=\"clients-grid-itemcol cp3cols-tablet cp3cols\"> <div  class=\"middle_align5\"><a href=\"https:\/\/www.libertyseguros.com.br\/Pages\/Home.aspx\" target=\"lightbox\" class=\"\" rel=\"noopener noreferrer\"><img  class=\"clients-grid-itemimg\" src=\"https:\/\/segurotranquilo.com.br\/segurotranquilo\/wp-content\/uploads\/2019\/04\/Prancheta-1-co\u0301pia-7@2x-100-2.jpg\"><\/a> <\/div> <\/div><div  class=\"clients-grid-itemcol cp3cols-tablet cp3cols\"> <div  class=\"middle_align5\"><a href=\"https:\/\/www.zurich.com.br\" target=\"lightbox\" class=\"\" rel=\"noopener noreferrer\"><img  class=\"clients-grid-itemimg\" src=\"https:\/\/segurotranquilo.com.br\/segurotranquilo\/wp-content\/uploads\/2019\/04\/Prancheta-1-co\u0301pia-12@2x-100-2.jpg\"><\/a> <\/div> <\/div><div  class=\"clients-grid-itemcol cp3cols-tablet cp3cols\"> <div  class=\"middle_align5\"><a href=\"https:\/\/www.generali.com.br\" target=\"lightbox\" class=\"\" rel=\"noopener noreferrer\"><img  class=\"clients-grid-itemimg\" src=\"https:\/\/segurotranquilo.com.br\/segurotranquilo\/wp-content\/uploads\/2019\/04\/Prancheta-1-co\u0301pia-15@2x-100-2.jpg\"><\/a> <\/div> <\/div><div  class=\"clients-grid-itemcol cp3cols-tablet cp3cols\"> <div  class=\"middle_align5\"><a href=\"http:\/\/www.capemisa.com.br\" target=\"lightbox\" class=\"\" rel=\"noopener noreferrer\"><img  class=\"clients-grid-itemimg\" src=\"https:\/\/segurotranquilo.com.br\/segurotranquilo\/wp-content\/uploads\/2019\/04\/Prancheta-1-co\u0301pia-16@2x-100-2.jpg\"><\/a> <\/div> <\/div><div  class=\"clients-grid-itemcol cp3cols-tablet cp3cols\"> <div  class=\"middle_align5\"><a href=\"https:\/\/www.metlife.com.br\" target=\"lightbox\" class=\"\" rel=\"noopener noreferrer\"><img  class=\"clients-grid-itemimg\" src=\"https:\/\/segurotranquilo.com.br\/segurotranquilo\/wp-content\/uploads\/2019\/04\/Prancheta-1-co\u0301pia-17@2x-100-2.jpg\"><\/a> <\/div> <\/div><div  class=\"clients-grid-itemcol cp3cols-tablet cp3cols\"> <div  class=\"middle_align5\"><a href=\"http:\/\/www.argo-protector.com.br\/v2\" target=\"lightbox\" class=\"\" rel=\"noopener noreferrer\"><img  class=\"clients-grid-itemimg\" src=\"https:\/\/segurotranquilo.com.br\/segurotranquilo\/wp-content\/uploads\/2019\/04\/Prancheta-1-co\u0301pia-18@2x-100-2.jpg\"><\/a> <\/div> <\/div><div  class=\"clients-grid-itemcol cp3cols-tablet cp3cols\"> <div  class=\"middle_align5\"><a href=\"http:\/\/segurotranquilo.hospedagemdesites.ws\/segurotranquilo\/www.aig.com.br\" target=\"lightbox\" class=\"\" rel=\"noopener noreferrer\"><img  class=\"clients-grid-itemimg\" src=\"https:\/\/segurotranquilo.com.br\/segurotranquilo\/wp-content\/uploads\/2019\/04\/Prancheta-1-co\u0301pia-19@2x-100-2.jpg\"><\/a> <\/div> <\/div><div  class=\"clients-grid-itemcol cp3cols-tablet cp3cols\"> <div  class=\"middle_align5\"><a href=\"https:\/\/wwws.alfaseguradora.com.br\/portal\" target=\"lightbox\" class=\"\" rel=\"noopener noreferrer\"><img  class=\"clients-grid-itemimg\" src=\"https:\/\/segurotranquilo.com.br\/segurotranquilo\/wp-content\/uploads\/2019\/04\/Prancheta-1-co\u0301pia-14@2x-100-2.jpg\"><\/a> <\/div> <\/div><div  class=\"clients-grid-itemcol cp3cols-tablet cp3cols\"> <div  class=\"middle_align5\"><a href=\"http:\/\/www.segurossura.com.br\" target=\"lightbox\" class=\"\" rel=\"noopener noreferrer\"><img  class=\"clients-grid-itemimg\" src=\"https:\/\/segurotranquilo.com.br\/segurotranquilo\/wp-content\/uploads\/2019\/04\/Prancheta-1-co\u0301pia-13@2x-100-2.jpg\"><\/a> <\/div> <\/div><\/div> <\/div><\/div><div  data-label=\"About us\" data-id=\"about-image-section-pro-1\" data-category=\"about\" class=\"about-image-section-pro about-image-section-pro-1\" id=\"about-us-1\" style=\"background-color: rgba(255, 255, 255, 0); background-image: none;\" data-ovid=\"ovid-about-us-1-179\"> <div  class=\"gridContainer\"> <div  class=\"row about-image-gridcol-pro\"> <div  class=\"about-image-textcol-pro\" data-type=\"column\"> <h2  class=\"\"> <span  style=\"color: rgb(251, 252, 253);\">Fale conosco<\/span><\/h2>  <\/div> <div  data-type=\"column\" class=\"\"><p  class=\"\"><span  style=\"color: rgb(251, 252, 253);\">Entre em contato conosco atrav\u00e9s do Whatsapp. Assim que poss\u00edvel lhe retornaremos. Para enviar a mensagem, clique na imagem abaixo.<\/span><\/p>  <a class=\"button color2 white-text\" href=\"https:\/\/api.whatsapp.com\/send?l=pt&amp;phone=5516997560066\" target=\"_self\" data-icon=\"fa-whatsapp\" rel=\"noopener\"><span  class=\"button-icon fa fa-whatsapp\"><\/span>Fale conosco<\/a><\/div> <\/div> <\/div> <\/div>","protected":false},"excerpt":{"rendered":"<p>A MazzettiNossa Miss\u00e3o Prover solu\u00e7\u00f5es em seguros e apoiar o crescimento patrimonial de nossos clientes.Nossa Vis\u00e3oSer refer\u00eancia na regi\u00e3o de S\u00e3o Carlos em atendimento, prote\u00e7\u00e3o patrimonial, financeira e digital.Valores1. Ter comportamento \u00e9tico e transparente: Nossas a\u00e7\u00f5es t\u00eam como premissa a \u00e9tica e a transpar\u00eancia, estes s\u00e3o valores inegoci\u00e1veis.2. Agir com honestidade: Nossas a\u00e7\u00f5es ter\u00e3o sempre&hellip; <br \/> <a class=\"button small blue\" href=\"https:\/\/segurotranquilo.com.br\/segurotranquilo\/2019\/03\/04\/hello-world\/\">Read more<\/a><\/p>\n","protected":false},"author":1,"featured_media":0,"parent":0,"menu_order":0,"comment_status":"closed","ping_status":"closed","template":"full-width-page.php","meta":[],"_links":{"self":[{"href":"https:\/\/segurotranquilo.com.br\/segurotranquilo\/wp-json\/wp\/v2\/pages\/24"}],"collection":[{"href":"https:\/\/segurotranquilo.com.br\/segurotranquilo\/wp-json\/wp\/v2\/pages"}],"about":[{"href":"https:\/\/segurotranquilo.com.br\/segurotranquilo\/wp-json\/wp\/v2\/types\/page"}],"author":[{"embeddable":true,"href":"https:\/\/segurotranquilo.com.br\/segurotranquilo\/wp-json\/wp\/v2\/users\/1"}],"replies":[{"embeddable":true,"href":"https:\/\/segurotranquilo.com.br\/segurotranquilo\/wp-json\/wp\/v2\/comments?post=24"}],"version-history":[{"count":53,"href":"https:\/\/segurotranquilo.com.br\/segurotranquilo\/wp-json\/wp\/v2\/pages\/24\/revisions"}],"predecessor-version":[{"id":468,"href":"https:\/\/segurotranquilo.com.br\/segurotranquilo\/wp-json\/wp\/v2\/pages\/24\/revisions\/468"}],"wp:attachment":[{"href":"https:\/\/segurotranquilo.com.br\/segurotranquilo\/wp-json\/wp\/v2\/media?parent=24"}],"curies":[{"name":"wp","href":"https:\/\/api.w.org\/{rel}","templated":true}]}}