{"id":272,"date":"2019-06-18T18:10:38","date_gmt":"2019-06-18T18:10:38","guid":{"rendered":"http:\/\/segurotranquilo.hospedagemdesites.ws\/segurotranquilo\/?page_id=272"},"modified":"2022-06-20T13:07:16","modified_gmt":"2022-06-20T13:07:16","slug":"para-voce","status":"publish","type":"page","link":"https:\/\/segurotranquilo.com.br\/segurotranquilo\/para-voce\/","title":{"rendered":"Para voc\u00ea"},"content":{"rendered":"<div  data-label=\"Features\" data-id=\"features-overlapped-icons-section\" data-category=\"features\" class=\"features-overlapped-icons-section\" id=\"features-4\" style=\"background-color: rgb(255, 255, 255); background-image: none;\" data-ovid=\"ovid-features-4-22491\"> <div  class=\"gridContainer\"> <div  class=\"features-overlapped-icons-textrow\"> <div  class=\"features-overlapped-icons-textcol dynamic-color\" data-type=\"column\"> <h2  class=\"\">O seguro ideal para voc\u00ea<\/h2> <p  class=\"\">A Mazzetti oferece uma gama variada de produtos para atender \u00e0s suas necessidades. N\u00e3o importa se \u00e9 numa viagem, se \u00e9 para o seu autom\u00f3vel, moto, resid\u00eancia, escolha e tenha a tranquilidade que voc\u00ea merece.<\/p> <\/div> <\/div> <div  class=\"features-overlapped-icons-featuresrow flexbox-list\" data-type=\"row\"> <div  class=\"features-large-icons-featcol cp6cols-tablet cp4cols\"> <div  class=\"features-overlapped-icons-featinnerrow\"> <div  class=\"features-icon-container\"><i  data-cp-fa=\"true\" class=\"font-icon-features-icon-container fa fa-car color7\"><\/i> <\/div>\t<div  data-type=\"column\" class=\"\"> <h4  class=\"\">Autom\u00f3vel<\/h4> <p  class=\"\">Prote\u00e7\u00e3o completa para o seu ve\u00edculo cobrindo eventuais preju\u00edzos (colis\u00e3o, inc\u00eandio e roubo) e servi\u00e7os de assist\u00eancia 24h<\/p> <\/div><\/div> <\/div> <div  class=\"features-large-icons-featcol cp6cols-tablet cp4cols\"> <div  class=\"features-overlapped-icons-featinnerrow\"> <div  class=\"features-icon-container\"><i  data-cp-fa=\"true\" class=\"font-icon-features-icon-container fa fa-motorcycle color6\"><\/i> <\/div>\t<div  data-type=\"column\" class=\"\"> <h4  class=\"\">Moto<\/h4> <p  class=\"\">Prote\u00e7\u00e3o completa para a sua moto cobrindo eventuais preju\u00edzos (colis\u00e3o, inc\u00eandio e roubo) e servi\u00e7os de assist\u00eancia 24h<\/p> <\/div><\/div> <\/div> <div  class=\"features-large-icons-featcol cp6cols-tablet cp4cols\"> <div  class=\"features-overlapped-icons-featinnerrow\"> <div  class=\"features-icon-container\"><i  data-cp-fa=\"true\" class=\"font-icon-features-icon-container fa fa-home color6\"><\/i> <\/div>\t<div  data-type=\"column\" class=\"\"> <h4  class=\"\">Resid\u00eancia<\/h4> <p  class=\"\">Prote\u00e7\u00e3o para sua casa. Viva tranquilo com uma assist\u00eancia em casos emergenciais, reparos hidr\u00e1ulicos, el\u00e9tricos e outros<\/p> <\/div><\/div> <\/div> <div  class=\"features-large-icons-featcol cp6cols-tablet cp4cols\"> <div  class=\"features-overlapped-icons-featinnerrow\"> <div  class=\"features-icon-container\"><i  data-cp-fa=\"true\" class=\"font-icon-features-icon-container fa fa-cogs\"><\/i> <\/div>\t<div  data-type=\"column\" class=\"\"> <h4  class=\"\">Cons\u00f3rcio<\/h4> <p  class=\"\">Taxas diferenciadas para financiamentos de autom\u00f3veis novos ou usados, capital de giro e cr\u00e9dito consignado com agilidade na aprova\u00e7\u00e3o de cr\u00e9dito.<\/p> <\/div><\/div> <\/div> <div  class=\"features-large-icons-featcol cp6cols-tablet cp4cols\"> <div  class=\"features-overlapped-icons-featinnerrow\"> <div  class=\"features-icon-container\"><i  data-cp-fa=\"true\" class=\"font-icon-features-icon-container fa fa-contao color7\"><\/i> <\/div>\t<div  data-type=\"column\" class=\"\"> <h4  class=\"\">Condom\u00ednio<\/h4> <p  class=\"\">O seguro que protege sua casa para voc\u00ea viver tranquilo contando com uma assist\u00eancia em casos emergenciais de reparos hidr\u00e1ulicos, el\u00e9tricos entre outros<\/p> <\/div><\/div> <\/div><div  class=\"features-large-icons-featcol cp6cols-tablet cp4cols\"> <div  class=\"features-overlapped-icons-featinnerrow\"> <div  class=\"features-icon-container\"><i  data-cp-fa=\"true\" class=\"font-icon-features-icon-container fa fa-mobile-phone color7\"><\/i> <\/div>\t<div  data-type=\"column\" class=\"\"> <h4  class=\"\">Port\u00e1teis<\/h4> <p  class=\"\">Garanta a prote\u00e7\u00e3o integral para os seus equipamentos. Com este seguro voc\u00ea se locomove para as suas reuni\u00f5es ou estudos, livre de qualquer problema<\/p> <\/div><\/div> <\/div><div  class=\"features-large-icons-featcol cp6cols-tablet cp4cols\"> <div  class=\"features-overlapped-icons-featinnerrow\"> <div  class=\"features-icon-container\"><i  data-cp-fa=\"true\" class=\"font-icon-features-icon-container fa fa-blind color7\"><\/i> <\/div>\t<div  data-type=\"column\" class=\"\"> <h4  class=\"\">Previd\u00eancia<\/h4> <p  class=\"\">Garanta um futuro tranquilo para voc\u00ea e para seus filhos com uma previd\u00eancia.<\/p> <\/div><\/div> <\/div><div  class=\"features-large-icons-featcol cp6cols-tablet cp4cols\"> <div  class=\"features-overlapped-icons-featinnerrow\"> <div  class=\"features-icon-container\"><i  data-cp-fa=\"true\" class=\"font-icon-features-icon-container fa fa-child color7\"><\/i> <\/div>\t<div  data-type=\"column\" class=\"\"> <h4  class=\"\">Vida<\/h4> <p  class=\"\">Garanta o bem-estar de sua fam\u00edlia protegendo o futuro de quem voc\u00ea ama. A Mazzetti tem o seguro de vida que voc\u00ea precisa para garantir tranquilidade para as pessoas&nbsp; que voc\u00ea ama.<\/p> <\/div><\/div> <\/div><div  class=\"features-large-icons-featcol cp6cols-tablet cp4cols\"> <div  class=\"features-overlapped-icons-featinnerrow\"> <div  class=\"features-icon-container\"><i  data-cp-fa=\"true\" class=\"font-icon-features-icon-container fa fa-photo color7\"><\/i> <\/div>\t<div  data-type=\"column\" class=\"\"> <h4  class=\"\">Seguro Viagem<\/h4> <p  class=\"\">aproveite sua viagem sem se preocupar com imprevistos. Garantia de prote\u00e7\u00e3o para voc\u00ea e sua fam\u00edlia em casos de urg\u00eancias e emerg\u00eancias que necessitem de assist\u00eancia odontol\u00f3gica, m\u00e9dica e hospitalar<\/p> <\/div><\/div> <\/div><div  class=\"features-large-icons-featcol cp6cols-tablet cp4cols\"> <div  class=\"features-overlapped-icons-featinnerrow\"> <div  class=\"features-icon-container\"><i  data-cp-fa=\"true\" class=\"font-icon-features-icon-container fa fa-address-card-o color7\"><\/i> <\/div>\t<div  data-type=\"column\" class=\"\"> <h4  class=\"\">Responsabilidade Civil<\/h4> <p  class=\"\">O Seguro de Responsabilidade Civil Profissional \u00e9 destinado \u00e0 prote\u00e7\u00e3o de empresas prestadoras de servi\u00e7os e profissionais liberais contra perdas resultantes de sua responsabilidade perante terceiros, por a\u00e7\u00f5es e omiss\u00f5es na presta\u00e7\u00e3o de servi\u00e7os profissionais<\/p> <\/div><\/div> <\/div><div  class=\"features-large-icons-featcol cp6cols-tablet cp4cols\"> <div  class=\"features-overlapped-icons-featinnerrow\"> <div  class=\"features-icon-container\"><i  data-cp-fa=\"true\" class=\"font-icon-features-icon-container fa fa-home color7\"><\/i> <\/div>\t<div  data-type=\"column\" class=\"\"> <h4  class=\"\">Seguro Aluguel<\/h4> <p  class=\"\">O seguro de fian\u00e7a locat\u00edcia facilita a vida do propriet\u00e1rio de im\u00f3veis, imobili\u00e1rias e inquilinos, garantindo a sua tranquilidade, oferencendo  ao locador o recebimento do aluguel e encargos vencidos, em caso de n\u00e3o pagamento pelo inquilino. O inquilino tamb\u00e9m \u00e9 beneficiado com as vantagens do seguro, que o isenta da necessidade de procurar um fiadorrote\u00e7\u00e3o completa para o seu ve\u00edculo cobrindo eventuais preju\u00edzos (colis\u00e3o, inc\u00eandio e roubo) e servi\u00e7os de assist\u00eancia 24h<\/p> <\/div><\/div> <\/div><\/div> <\/div><\/div>","protected":false},"excerpt":{"rendered":"<p>O seguro ideal para voc\u00ea A Mazzetti oferece uma gama variada de produtos para atender \u00e0s suas necessidades. N\u00e3o importa se \u00e9 numa viagem, se \u00e9 para o seu autom\u00f3vel, moto, resid\u00eancia, escolha e tenha a tranquilidade que voc\u00ea merece. Autom\u00f3vel Prote\u00e7\u00e3o completa para o seu ve\u00edculo cobrindo eventuais preju\u00edzos (colis\u00e3o, inc\u00eandio e roubo) e&hellip; <br \/> <a class=\"button small blue\" href=\"https:\/\/segurotranquilo.com.br\/segurotranquilo\/2019\/03\/04\/hello-world\/\">Read more<\/a><\/p>\n","protected":false},"author":1,"featured_media":0,"parent":0,"menu_order":0,"comment_status":"closed","ping_status":"closed","template":"full-width-page.php","meta":[],"_links":{"self":[{"href":"https:\/\/segurotranquilo.com.br\/segurotranquilo\/wp-json\/wp\/v2\/pages\/272"}],"collection":[{"href":"https:\/\/segurotranquilo.com.br\/segurotranquilo\/wp-json\/wp\/v2\/pages"}],"about":[{"href":"https:\/\/segurotranquilo.com.br\/segurotranquilo\/wp-json\/wp\/v2\/types\/page"}],"author":[{"embeddable":true,"href":"https:\/\/segurotranquilo.com.br\/segurotranquilo\/wp-json\/wp\/v2\/users\/1"}],"replies":[{"embeddable":true,"href":"https:\/\/segurotranquilo.com.br\/segurotranquilo\/wp-json\/wp\/v2\/comments?post=272"}],"version-history":[{"count":4,"href":"https:\/\/segurotranquilo.com.br\/segurotranquilo\/wp-json\/wp\/v2\/pages\/272\/revisions"}],"predecessor-version":[{"id":463,"href":"https:\/\/segurotranquilo.com.br\/segurotranquilo\/wp-json\/wp\/v2\/pages\/272\/revisions\/463"}],"wp:attachment":[{"href":"https:\/\/segurotranquilo.com.br\/segurotranquilo\/wp-json\/wp\/v2\/media?parent=272"}],"curies":[{"name":"wp","href":"https:\/\/api.w.org\/{rel}","templated":true}]}}